{"id":77,"date":"2020-05-10T10:32:29","date_gmt":"2020-05-10T10:32:29","guid":{"rendered":"http:\/\/eresarbitro.es\/?page_id=77"},"modified":"2020-05-10T10:54:25","modified_gmt":"2020-05-10T10:54:25","slug":"noticias","status":"publish","type":"page","link":"https:\/\/eresarbitro.es\/?page_id=77","title":{"rendered":"NOTICIAS"},"content":{"rendered":"\n<style>.wp-show-posts-columns#wpsp-84 {margin-left: -2em; }.wp-show-posts-columns#wpsp-84 .wp-show-posts-inner {margin: 0 0 2em 2em; }<\/style><section id=\"wpsp-84\" class=\" wp-show-posts-columns wp-show-posts\" style=\"\"><article class=\" wp-show-posts-single post-627 post type-post status-publish format-standard hentry category-uncategorized wpsp-col-6\" itemtype=\"http:\/\/schema.org\/CreativeWork\" itemscope><div class=\"wp-show-posts-inner\" style=\"\">\t\t\t\t\t\t<header class=\"wp-show-posts-entry-header\">\n\t\t\t\t\t\t\t<h2 class=\"wp-show-posts-entry-title\" itemprop=\"headline\"><a href=\"https:\/\/eresarbitro.es\/?p=627\" rel=\"bookmark\">Comunicado FAB Temporada 2019\/20<\/a><\/h2><div class=\"wp-show-posts-entry-meta wp-show-posts-entry-meta-below-title post-meta-inline\"><span class=\"wp-show-posts-posted-on wp-show-posts-meta\">\n\t\t\t\t\t<a href=\"https:\/\/eresarbitro.es\/?p=627\" title=\"6:54 pm\" rel=\"bookmark\"><time class=\"wp-show-posts-entry-date published\" datetime=\"2020-05-11T18:54:56+00:00\" itemprop=\"datePublished\">mayo 11, 2020<\/time><time class=\"wp-show-posts-updated\" datetime=\"2020-05-11T18:56:39+00:00\" itemprop=\"dateModified\">mayo 11, 2020<\/time><\/a>\n\t\t\t\t<\/span><\/div>\t\t\t\t\t\t<\/header><!-- .entry-header -->\n\t\t\t\t\t\t\t\t\t\t\t<div class=\"wp-show-posts-entry-content\" itemprop=\"text\">\n\t\t\t\t\t\t\t\n<p>La Comisi\u00f3n Gestora de la Federaci\u00f3n Andaluza de Baloncesto quiere<br>poner en conocimiento de todos los estamentos que conforman el<br>baloncesto andaluz y de los aficionados de nuestra comunidad que se ha<br>solicitado la necesaria autorizaci\u00f3n a la Secretaria General para el deporte<br>de la Consejer\u00eda de Educaci\u00f3n y Deporte de la Junta de Andaluc\u00eda para que<br>se le faculte a fin de decidir la no continuaci\u00f3n de las competiciones<br>provinciales y auton\u00f3micas correspondientes a la temporada 2019\/2020, as\u00ed<br>como cualesquiera cuestiones que guarden relaci\u00f3n con los aspectos que en<br>el \u00e1mbito deportivo-competicional afecten a las mismas, y ello en<br>consideraci\u00f3n a las recomendaciones y condiciones que se est\u00e1n aprobando<br>por las autoridades sanitarias como consecuencia de la expansi\u00f3n del<br>COVID-19 y que son de muy dif\u00edcil cumplimiento.<\/p>\n\n\n\n<p><br>Como se puede comprender es una decisi\u00f3n muy dif\u00edcil y que jam\u00e1s<br>nos hubiese gustado adoptar, teniendo en cuenta el esfuerzo y trabajo<br>desarrollado durante varios meses por todos los deportistas andaluces pero<br>que se hace necesaria en orden a proteger la salud de todas las personas<br>que participan en las actividades, eventos y campeonatos que se celebran<br>cada d\u00eda.<\/p>\n\n\n\n<p><br>Queremos dejar constancia de que seguiremos trabajando para que<br>el baloncesto en Andaluc\u00eda siga siendo un referente a nivel nacional, por ello<br>desde este momento comenzamos a preparar la pr\u00f3xima temporada<br>adecuando nuestra actividad a la nueva realidad que viene marcada por la<br>protecci\u00f3n de la salud, y con el convencimiento de que ahora m\u00e1s que<br>nunca se hace necesario ayudar a los clubes, por las dificultades que se<br>encontraran en el futuro inmediato, adoptando las medidas de todo tipo que<br>sean oportunas, para que las competiciones y actividades se vean afectadas<br>en la menor entidad posible y para que no ning\u00fan deportista se quede sin<br>poder cumplir su sue\u00f1o de seguir jugando a nuestro querido deporte.<\/p>\n\n\n\n<p><br>En C\u00f3rdoba, a 9 de mayo de 2020.<br>Federaci\u00f3n Andaluza de Baloncesto.<\/p>\n\t\t\t\t\t\t<\/div><!-- .entry-content -->\n\t\t\t\t\t<\/div><!-- wp-show-posts-inner --><\/article><article class=\" wp-show-posts-single post-1 post type-post status-publish format-standard hentry category-uncategorized wpsp-col-6\" itemtype=\"http:\/\/schema.org\/CreativeWork\" itemscope><div class=\"wp-show-posts-inner\" style=\"\">\t\t\t\t\t\t<header class=\"wp-show-posts-entry-header\">\n\t\t\t\t\t\t\t<h2 class=\"wp-show-posts-entry-title\" itemprop=\"headline\"><a href=\"https:\/\/eresarbitro.es\/?p=1\" rel=\"bookmark\">Nuestro compa\u00f1ero Joaquin Garcia logra el ascenso a ACB<\/a><\/h2><div class=\"wp-show-posts-entry-meta wp-show-posts-entry-meta-below-title post-meta-inline\"><span class=\"wp-show-posts-posted-on wp-show-posts-meta\">\n\t\t\t\t\t<a href=\"https:\/\/eresarbitro.es\/?p=1\" title=\"3:48 am\" rel=\"bookmark\"><time class=\"wp-show-posts-entry-date published\" datetime=\"2019-09-19T03:48:21+00:00\" itemprop=\"datePublished\">septiembre 19, 2019<\/time><time class=\"wp-show-posts-updated\" datetime=\"2020-05-12T16:42:29+00:00\" itemprop=\"dateModified\">mayo 12, 2020<\/time><\/a>\n\t\t\t\t<\/span><\/div>\t\t\t\t\t\t<\/header><!-- .entry-header -->\n\t\t\t\t\t\t\t\t\t\t\t<div class=\"wp-show-posts-entry-content\" itemprop=\"text\">\n\t\t\t\t\t\t\t<p><img decoding=\"async\" class=\"aligncenter\" src=\"https:\/\/arbitrosaeba.com\/wp-content\/uploads\/2017\/10\/74-GARCIA-G.jpg\" alt=\"Joaqu\u00edn Garc\u00eda - \u00c1rbitros AEBA\"><\/p>\n<p><strong>Nuevo \u00e9xito del arbitraje gaditano que contar\u00e1 con hasta 5 representantes en la m\u00e1xima categor\u00eda del baloncesto nacional.<\/strong><\/p>\n<p>Desde que empezara con nosotros en 2007 \u00abKiny\u00bb ha ido creciendo en la pista tanto como arbitro como persona cosechando ascensos y campeonatos casi al ritmo de uno por a\u00f1o.<\/p>\n<p>Desde la A.D. Eres@rbitro le deseamos lo mejor y que este muchos a\u00f1os en la elite del baloncesto espa\u00f1ol.<\/p>\n\t\t\t\t\t\t<\/div><!-- .entry-content -->\n\t\t\t\t\t<\/div><!-- wp-show-posts-inner --><\/article><div class=\"wpsp-clear\"><\/div><\/section><!-- .wp-show-posts -->\n","protected":false},"excerpt":{"rendered":"","protected":false},"author":1,"featured_media":0,"parent":0,"menu_order":0,"comment_status":"closed","ping_status":"closed","template":"","meta":{"footnotes":""},"class_list":["post-77","page","type-page","status-publish","hentry"],"jetpack_sharing_enabled":true,"_links":{"self":[{"href":"https:\/\/eresarbitro.es\/index.php?rest_route=\/wp\/v2\/pages\/77","targetHints":{"allow":["GET"]}}],"collection":[{"href":"https:\/\/eresarbitro.es\/index.php?rest_route=\/wp\/v2\/pages"}],"about":[{"href":"https:\/\/eresarbitro.es\/index.php?rest_route=\/wp\/v2\/types\/page"}],"author":[{"embeddable":true,"href":"https:\/\/eresarbitro.es\/index.php?rest_route=\/wp\/v2\/users\/1"}],"replies":[{"embeddable":true,"href":"https:\/\/eresarbitro.es\/index.php?rest_route=%2Fwp%2Fv2%2Fcomments&post=77"}],"version-history":[{"count":2,"href":"https:\/\/eresarbitro.es\/index.php?rest_route=\/wp\/v2\/pages\/77\/revisions"}],"predecessor-version":[{"id":85,"href":"https:\/\/eresarbitro.es\/index.php?rest_route=\/wp\/v2\/pages\/77\/revisions\/85"}],"wp:attachment":[{"href":"https:\/\/eresarbitro.es\/index.php?rest_route=%2Fwp%2Fv2%2Fmedia&parent=77"}],"curies":[{"name":"wp","href":"https:\/\/api.w.org\/{rel}","templated":true}]}}